{"id":241,"date":"2025-05-12T20:07:46","date_gmt":"2025-05-12T20:07:46","guid":{"rendered":"https:\/\/orexiptv.com\/?page_id=241"},"modified":"2026-04-02T11:32:36","modified_gmt":"2026-04-02T11:32:36","slug":"kontaktiere-uns","status":"publish","type":"page","link":"https:\/\/orexiptv.com\/nb\/kontaktiere-uns\/","title":{"rendered":"Kontakt oss"},"content":{"rendered":"<div data-elementor-type=\"wp-page\" data-elementor-id=\"241\" class=\"elementor elementor-241\" data-elementor-settings=\"{&quot;ha_cmc_init_switcher&quot;:&quot;no&quot;}\" data-elementor-post-type=\"page\">\n\t\t\t\t<div class=\"elementor-element elementor-element-c900ea0 e-con-full e-flex wpr-particle-no wpr-jarallax-no wpr-parallax-no wpr-sticky-section-no e-con e-parent\" data-id=\"c900ea0\" data-element_type=\"container\" data-settings=\"{&quot;background_background&quot;:&quot;classic&quot;}\">\n\t\t\t\t<div class=\"elementor-element elementor-element-8fa38db elementor-widget__width-initial elementor-widget-tablet__width-initial elementor-widget-mobile__width-initial elementor-widget elementor-widget-heading\" data-id=\"8fa38db\" data-element_type=\"widget\" data-widget_type=\"heading.default\">\n\t\t\t\t<div class=\"elementor-widget-container\">\n\t\t\t\t\t<h2 class=\"elementor-heading-title elementor-size-default\">Kontakt oss<\/h2>\t\t\t\t<\/div>\n\t\t\t\t<\/div>\n\t\t\t\t<\/div>\n\t\t\t\t<section class=\"elementor-section elementor-top-section elementor-element elementor-element-099b54a elementor-section-boxed elementor-section-height-default elementor-section-height-default wpr-particle-no wpr-jarallax-no wpr-parallax-no wpr-sticky-section-no\" data-id=\"099b54a\" data-element_type=\"section\">\n\t\t\t\t\t\t<div class=\"elementor-container elementor-column-gap-default\">\n\t\t\t\t\t\t<\/div>\n\t\t<\/section>\n\t\t<div class=\"elementor-element elementor-element-2ab8f47 e-con-full e-flex wpr-particle-no wpr-jarallax-no wpr-parallax-no wpr-sticky-section-no e-con e-parent\" data-id=\"2ab8f47\" data-element_type=\"container\" data-settings=\"{&quot;background_background&quot;:&quot;classic&quot;}\">\n\t\t<div class=\"elementor-element elementor-element-aae2df8 e-con-full e-flex wpr-particle-no wpr-jarallax-no wpr-parallax-no wpr-sticky-section-no e-con e-child\" data-id=\"aae2df8\" data-element_type=\"container\">\n\t\t\t\t<div class=\"elementor-element elementor-element-2b89606 elementor-widget elementor-widget-text-editor\" data-id=\"2b89606\" data-element_type=\"widget\" data-widget_type=\"text-editor.default\">\n\t\t\t\t<div class=\"elementor-widget-container\">\n\t\t\t\t\t\t\t\t\t<div style=\"text-align: center; padding: 40px 0; color: #fff; font-family: 'Poppins', sans-serif;\"><h2 style=\"font-size: 2rem; font-weight: bold; margin-bottom: 20px;\">Kontakt oss<\/h2><p style=\"max-width: 700px; margin: 0 auto 20px auto; line-height: 1.7;\" class=\"translation-block\">Hos Orex IPTV st\u00e5r kundetilfredshet i f\u00f8rste rekke.\nEnten det gjelder tekniske sp\u00f8rsm\u00e5l, forlengelse av abonnementet eller hjelp med installasjonen \u2013\nv\u00e5rt supportteam er tilgjengelig 7 dager i uken, d\u00f8gnet rundt for deg.<\/p><p style=\"max-width: 700px; margin: 0 auto 20px auto; line-height: 1.7;\" class=\"translation-block\">Opplev grensel\u00f8s underholdning med over\n40 000 direktesendte kanaler og\n200 000 filmer og serier (VODs) \u2013\nst\u00f8ttet av stabile servere og\nmoderne teknologi.<\/p><p style=\"margin: 20px 0;\" class=\"translation-block\">Kontakt oss n\u00e5 via <strong>WhatsApp<\/strong> eller <strong>e-post<\/strong>.<\/p><\/div>\t\t\t\t\t\t\t\t<\/div>\n\t\t\t\t<\/div>\n\t\t\t\t<\/div>\n\t\t\t\t<\/div>\n\t\t<div class=\"elementor-element elementor-element-881dbc7 e-con-full e-flex wpr-particle-no wpr-jarallax-no wpr-parallax-no wpr-sticky-section-no e-con e-child\" data-id=\"881dbc7\" data-element_type=\"container\">\n\t\t\t\t<div class=\"elementor-element elementor-element-5cdc1c1 elementor-widget__width-initial elementor-widget-mobile__width-initial elementor-widget-tablet__width-initial elementor-widget elementor-widget-button\" data-id=\"5cdc1c1\" data-element_type=\"widget\" data-widget_type=\"button.default\">\n\t\t\t\t<div class=\"elementor-widget-container\">\n\t\t\t\t\t\t\t\t\t<div class=\"elementor-button-wrapper\">\n\t\t\t\t\t<a class=\"elementor-button elementor-button-link elementor-size-sm\" href=\"#Preise\">\n\t\t\t\t\t\t<span class=\"elementor-button-content-wrapper\">\n\t\t\t\t\t\t\t\t\t<span class=\"elementor-button-text\">E-postsupport<\/span>\n\t\t\t\t\t<\/span>\n\t\t\t\t\t<\/a>\n\t\t\t\t<\/div>\n\t\t\t\t\t\t\t\t<\/div>\n\t\t\t\t<\/div>\n\t\t\t\t<div class=\"elementor-element elementor-element-c671afc elementor-widget__width-initial elementor-widget-mobile__width-initial elementor-widget-tablet__width-initial elementor-widget elementor-widget-button\" data-id=\"c671afc\" data-element_type=\"widget\" data-widget_type=\"button.default\">\n\t\t\t\t<div class=\"elementor-widget-container\">\n\t\t\t\t\t\t\t\t\t<div class=\"elementor-button-wrapper\">\n\t\t\t\t\t<a class=\"elementor-button elementor-button-link elementor-size-sm\" href=\"https:\/\/api.whatsapp.com\/send\/?phone=447916690820&#038;text&#038;type=phone_number&#038;app_absent=0\">\n\t\t\t\t\t\t<span class=\"elementor-button-content-wrapper\">\n\t\t\t\t\t\t\t\t\t<span class=\"elementor-button-text\">WhatsApp-support<\/span>\n\t\t\t\t\t<\/span>\n\t\t\t\t\t<\/a>\n\t\t\t\t<\/div>\n\t\t\t\t\t\t\t\t<\/div>\n\t\t\t\t<\/div>\n\t\t\t\t<\/div>\n\t\t\t\t<\/div>","protected":false},"excerpt":{"rendered":"<p>Kontaktiere uns Kontaktiere uns Bei Orex IPTV steht die Kundenzufriedenheit an erster Stelle.Ob technische Fragen, Abo-Verl\u00e4ngerung oder Hilfe bei der Einrichtung \u2013unser Support-Team ist 7 Tage die Woche, rund um die Uhr f\u00fcr dich da. Erlebe grenzenlose Unterhaltung mit \u00fcber40.000 Live-Kan\u00e4len und200.000 Filmen &amp; Serien (VODs) \u2013gest\u00fctzt durch stabile Server undmodernste Technologie. Kontaktiere uns jetzt per WhatsApp oder E-Mail. E-Mail-Support WhatsApp-Support<\/p>","protected":false},"author":1,"featured_media":0,"parent":0,"menu_order":0,"comment_status":"closed","ping_status":"closed","template":"page-templates\/template-pagebuilder-full-width.php","meta":{"neve_meta_sidebar":"","neve_meta_container":"","neve_meta_enable_content_width":"","neve_meta_content_width":0,"neve_meta_title_alignment":"","neve_meta_author_avatar":"","neve_post_elements_order":"","neve_meta_disable_header":"","neve_meta_disable_footer":"","neve_meta_disable_title":"","footnotes":""},"class_list":["post-241","page","type-page","status-publish","hentry"],"_hostinger_reach_plugin_has_subscription_block":false,"_hostinger_reach_plugin_is_elementor":false,"jetpack_sharing_enabled":true,"rttpg_featured_image_url":null,"rttpg_author":{"display_name":"admin","author_link":"https:\/\/orexiptv.com\/nb\/author\/thomasdesign113gmail-com\/"},"rttpg_comment":0,"rttpg_category":null,"rttpg_excerpt":"Kontaktiere uns Kontaktiere uns Bei Orex IPTV steht die Kundenzufriedenheit an erster Stelle.Ob technische Fragen, Abo-Verl\u00e4ngerung oder Hilfe bei der Einrichtung \u2013unser Support-Team ist 7 Tage die Woche, rund um die Uhr f\u00fcr dich da. Erlebe grenzenlose Unterhaltung mit \u00fcber40.000 Live-Kan\u00e4len und200.000 Filmen &amp; Serien (VODs) \u2013gest\u00fctzt durch stabile Server undmodernste Technologie. Kontaktiere uns jetzt&hellip;","_links":{"self":[{"href":"https:\/\/orexiptv.com\/nb\/wp-json\/wp\/v2\/pages\/241","targetHints":{"allow":["GET"]}}],"collection":[{"href":"https:\/\/orexiptv.com\/nb\/wp-json\/wp\/v2\/pages"}],"about":[{"href":"https:\/\/orexiptv.com\/nb\/wp-json\/wp\/v2\/types\/page"}],"author":[{"embeddable":true,"href":"https:\/\/orexiptv.com\/nb\/wp-json\/wp\/v2\/users\/1"}],"replies":[{"embeddable":true,"href":"https:\/\/orexiptv.com\/nb\/wp-json\/wp\/v2\/comments?post=241"}],"version-history":[{"count":23,"href":"https:\/\/orexiptv.com\/nb\/wp-json\/wp\/v2\/pages\/241\/revisions"}],"predecessor-version":[{"id":1539,"href":"https:\/\/orexiptv.com\/nb\/wp-json\/wp\/v2\/pages\/241\/revisions\/1539"}],"wp:attachment":[{"href":"https:\/\/orexiptv.com\/nb\/wp-json\/wp\/v2\/media?parent=241"}],"curies":[{"name":"wp","href":"https:\/\/api.w.org\/{rel}","templated":true}]}}